{"id":258,"date":"2026-04-28T13:55:48","date_gmt":"2026-04-28T16:55:48","guid":{"rendered":"https:\/\/edisecsrl.estudio3.ar\/sitioweb\/?page_id=258"},"modified":"2026-05-11T12:31:38","modified_gmt":"2026-05-11T15:31:38","slug":"expertise","status":"publish","type":"page","link":"https:\/\/edisecsrl.com.ar\/?page_id=258","title":{"rendered":"MANTENIMIENTO DE TUS INSTALACIONES"},"content":{"rendered":"<div id=\"pl-258\"  class=\"panel-layout\" ><div id=\"pg-258-0\"  class=\"panel-grid panel-has-style\" ><div class=\"siteorigin-panels-stretch panel-row-style panel-row-style-for-258-0\" data-stretch-type=\"full-width-stretch\" ><div id=\"pgc-258-0-0\"  class=\"panel-grid-cell\" ><div id=\"panel-258-0-0-0\" class=\"so-panel widget widget_sow-editor panel-first-child panel-last-child\" data-index=\"0\" ><div\n\t\t\t\n\t\t\tclass=\"so-widget-sow-editor so-widget-sow-editor-base\"\n\t\t\t\n\t\t>\n<div class=\"siteorigin-widget-tinymce textwidget\">\n\t\n<\/div>\n<\/div><\/div><\/div><\/div><\/div><div id=\"pg-258-1\"  class=\"panel-grid panel-has-style\" ><div class=\"siteorigin-panels-stretch panel-row-style panel-row-style-for-258-1\" data-stretch-type=\"full-width-stretch\" ><div id=\"pgc-258-1-0\"  class=\"panel-grid-cell\" ><div id=\"panel-258-1-0-0\" class=\"so-panel widget widget_sow-editor panel-first-child panel-last-child\" data-index=\"1\" ><div\n\t\t\t\n\t\t\tclass=\"so-widget-sow-editor so-widget-sow-editor-base\"\n\t\t\t\n\t\t>\n<div class=\"siteorigin-widget-tinymce textwidget\">\n\t<h1><span style=\"color: #1e6ac4;\">Modelo de an\u00e1lisis operativo<\/span><\/h1>\n<p>Integramos herramientas digitales para monitorear, gestionar y optimizar el funcionamiento de cada instalaci\u00f3n, asegurando continuidad, trazabilidad y capacidad de respuesta. A trav\u00e9s de un modelo propio de an\u00e1lisis y visualizaci\u00f3n, desarrollado espec\u00edficamente para centralizar la informaci\u00f3n operativa de cada activo y facilitar la toma de decisiones basada en datos reales:<\/p>\n<p><strong>Scoring por equipo:<\/strong> Asignamos un puntaje de salud t\u00e9cnica a cada unidad para identificar prioridades de intervenci\u00f3n y anticipar necesidades de mantenimiento.<br \/>\n<strong>Detecci\u00f3n temprana de riesgos:<\/strong> Reconocemos patrones an\u00f3malos de funcionamiento antes de que evolucionen en fallas cr\u00edticas.<br \/>\n<strong>Optimizaci\u00f3n del parque instalado:<\/strong> Facilitamos la planificaci\u00f3n t\u00e9cnica y econ\u00f3mica del parque de equipos, mejorando rendimiento, eficiencia y vida \u00fatil de las instalaciones.<\/p>\n<p>&nbsp;<\/p>\n<\/div>\n<\/div><\/div><\/div><div id=\"pgc-258-1-1\"  class=\"panel-grid-cell\" ><div id=\"panel-258-1-1-0\" class=\"so-panel widget widget_sow-image panel-first-child panel-last-child\" data-index=\"2\" ><div\n\t\t\t\n\t\t\tclass=\"so-widget-sow-image so-widget-sow-image-default-8b5b6f678277-258\"\n\t\t\t\n\t\t>\n<div class=\"sow-image-container\">\n\t\t<img \n\tsrc=\"https:\/\/edisecsrl.com.ar\/wp-content\/uploads\/2026\/05\/exp04.webp\" width=\"1400\" height=\"1232\" srcset=\"https:\/\/edisecsrl.com.ar\/wp-content\/uploads\/2026\/05\/exp04.webp 1400w, https:\/\/edisecsrl.com.ar\/wp-content\/uploads\/2026\/05\/exp04-300x264.webp 300w, https:\/\/edisecsrl.com.ar\/wp-content\/uploads\/2026\/05\/exp04-1024x901.webp 1024w, https:\/\/edisecsrl.com.ar\/wp-content\/uploads\/2026\/05\/exp04-768x676.webp 768w, https:\/\/edisecsrl.com.ar\/wp-content\/uploads\/2026\/05\/exp04-600x528.webp 600w\" sizes=\"(max-width: 1400px) 100vw, 1400px\" alt=\"\" \t\tclass=\"so-widget-image\"\/>\n\t<\/div>\n\n<\/div><\/div><\/div><\/div><\/div><div id=\"pg-258-2\"  class=\"panel-grid panel-has-style\" ><div class=\"siteorigin-panels-stretch panel-row-style panel-row-style-for-258-2\" data-stretch-type=\"full-width-stretch\" ><div id=\"pgc-258-2-0\"  class=\"panel-grid-cell\" ><div id=\"panel-258-2-0-0\" class=\"so-panel widget widget_sow-image panel-first-child panel-last-child\" data-index=\"3\" ><div\n\t\t\t\n\t\t\tclass=\"so-widget-sow-image so-widget-sow-image-default-8b5b6f678277-258\"\n\t\t\t\n\t\t>\n<div class=\"sow-image-container\">\n\t\t<img \n\tsrc=\"https:\/\/edisecsrl.com.ar\/wp-content\/uploads\/2026\/05\/exp05.webp\" width=\"1400\" height=\"1232\" srcset=\"https:\/\/edisecsrl.com.ar\/wp-content\/uploads\/2026\/05\/exp05.webp 1400w, https:\/\/edisecsrl.com.ar\/wp-content\/uploads\/2026\/05\/exp05-300x264.webp 300w, https:\/\/edisecsrl.com.ar\/wp-content\/uploads\/2026\/05\/exp05-1024x901.webp 1024w, https:\/\/edisecsrl.com.ar\/wp-content\/uploads\/2026\/05\/exp05-768x676.webp 768w, https:\/\/edisecsrl.com.ar\/wp-content\/uploads\/2026\/05\/exp05-600x528.webp 600w\" sizes=\"(max-width: 1400px) 100vw, 1400px\" alt=\"\" \t\tclass=\"so-widget-image\"\/>\n\t<\/div>\n\n<\/div><\/div><\/div><div id=\"pgc-258-2-1\"  class=\"panel-grid-cell\" ><div id=\"panel-258-2-1-0\" class=\"so-panel widget widget_sow-editor panel-first-child panel-last-child\" data-index=\"4\" ><div\n\t\t\t\n\t\t\tclass=\"so-widget-sow-editor so-widget-sow-editor-base\"\n\t\t\t\n\t\t>\n<div class=\"siteorigin-widget-tinymce textwidget\">\n\t<h1><span style=\"color: #1e6ac4;\">Protecnus: <\/span><span style=\"color: #1e6ac4;\">Gesti\u00f3n Operativa Digital\u00a0<\/span><\/h1>\n<p>En EDISEC utilizamos Protecnus para gestionar digitalmente nuestro equipo de campo y asegurar la trazabilidad completa de cada servicio t\u00e9cnico. Esta plataforma nos permite coordinar tareas, registrar intervenciones y centralizar la informaci\u00f3n operativa de cada instalaci\u00f3n.<\/p>\n<p>El uso de esta tecnolog\u00eda se traduce en:<br \/>\n<strong>Coordinaci\u00f3n operativa:<\/strong> Asignamos y organizamos tareas t\u00e9cnicas con mayor eficiencia, optimizando tiempos de respuesta y seguimiento de cada servicio.<br \/>\n<strong>Reportabilidad digital:<\/strong> cada visita queda documentada con informaci\u00f3n t\u00e9cnica detallada: diagn\u00f3stico, tareas realizadas, repuestos utilizados y observaciones relevantes.<br \/>\n<strong>Trazabilidad del mantenimiento:<\/strong> contamos con un historial t\u00e9cnico confiable por equipo, lo que permite reducir errores, mejorar la planificaci\u00f3n y asegurar intervenciones acordes a las necesidades reales de cada instalaci\u00f3n.<\/p>\n<\/div>\n<\/div><\/div><\/div><\/div><\/div><\/div>","protected":false},"excerpt":{"rendered":"<p>Modelo de an\u00e1lisis operativo Integramos herramientas digitales para monitorear, gestionar y optimizar el funcionamiento de cada instalaci\u00f3n, asegurando continuidad, trazabilidad y capacidad de respuesta. A trav\u00e9s de un modelo propio de an\u00e1lisis y visualizaci\u00f3n, desarrollado espec\u00edficamente para centralizar la informaci\u00f3n operativa de cada activo y facilitar la toma de decisiones basada en datos reales: Scoring [&hellip;]<\/p>\n","protected":false},"author":1,"featured_media":0,"parent":0,"menu_order":0,"comment_status":"closed","ping_status":"closed","template":"","meta":{"footnotes":""},"class_list":["post-258","page","type-page","status-publish","hentry","post"],"_links":{"self":[{"href":"https:\/\/edisecsrl.com.ar\/index.php?rest_route=\/wp\/v2\/pages\/258","targetHints":{"allow":["GET"]}}],"collection":[{"href":"https:\/\/edisecsrl.com.ar\/index.php?rest_route=\/wp\/v2\/pages"}],"about":[{"href":"https:\/\/edisecsrl.com.ar\/index.php?rest_route=\/wp\/v2\/types\/page"}],"author":[{"embeddable":true,"href":"https:\/\/edisecsrl.com.ar\/index.php?rest_route=\/wp\/v2\/users\/1"}],"replies":[{"embeddable":true,"href":"https:\/\/edisecsrl.com.ar\/index.php?rest_route=%2Fwp%2Fv2%2Fcomments&post=258"}],"version-history":[{"count":20,"href":"https:\/\/edisecsrl.com.ar\/index.php?rest_route=\/wp\/v2\/pages\/258\/revisions"}],"predecessor-version":[{"id":375,"href":"https:\/\/edisecsrl.com.ar\/index.php?rest_route=\/wp\/v2\/pages\/258\/revisions\/375"}],"wp:attachment":[{"href":"https:\/\/edisecsrl.com.ar\/index.php?rest_route=%2Fwp%2Fv2%2Fmedia&parent=258"}],"curies":[{"name":"wp","href":"https:\/\/api.w.org\/{rel}","templated":true}]}}