{"id":253,"date":"2026-04-27T15:25:06","date_gmt":"2026-04-27T18:25:06","guid":{"rendered":"https:\/\/edisecsrl.estudio3.ar\/sitioweb\/?page_id=253"},"modified":"2026-05-13T15:34:10","modified_gmt":"2026-05-13T18:34:10","slug":"climatizacion-de-confort","status":"publish","type":"page","link":"https:\/\/edisecsrl.com.ar\/?page_id=253","title":{"rendered":"CLIMATIZACI\u00d3N DE PRESICI\u00d3N"},"content":{"rendered":"<div id=\"pl-253\"  class=\"panel-layout\" ><div id=\"pg-253-0\"  class=\"panel-grid panel-has-style\" ><div class=\"siteorigin-panels-stretch panel-row-style panel-row-style-for-253-0\" data-stretch-type=\"full-width-stretch\" ><div id=\"pgc-253-0-0\"  class=\"panel-grid-cell\" ><div id=\"panel-253-0-0-0\" class=\"so-panel widget widget_sow-editor panel-first-child panel-last-child\" data-index=\"0\" ><div\n\t\t\t\n\t\t\tclass=\"so-widget-sow-editor so-widget-sow-editor-base\"\n\t\t\t\n\t\t>\n<div class=\"siteorigin-widget-tinymce textwidget\">\n\t\n<\/div>\n<\/div><\/div><\/div><\/div><\/div><div id=\"pg-253-1\"  class=\"panel-grid panel-has-style\" ><div class=\"siteorigin-panels-stretch panel-row-style panel-row-style-for-253-1\" data-stretch-type=\"full\" ><div id=\"pgc-253-1-0\"  class=\"panel-grid-cell\" ><div id=\"panel-253-1-0-0\" class=\"so-panel widget widget_sow-editor panel-first-child panel-last-child\" data-index=\"1\" ><div\n\t\t\t\n\t\t\tclass=\"so-widget-sow-editor so-widget-sow-editor-base\"\n\t\t\t\n\t\t>\n<div class=\"siteorigin-widget-tinymce textwidget\">\n\t<h4><span style=\"color: #ffffff;\">Ejecutamos proyectos de climatizaci\u00f3n de precisi\u00f3n para data centers y salas de control, donde la estabilidad de temperatura y humedad constituye un requisito operativo cr\u00edtico.<br \/>\nIntegramos equipos de alta eficiencia, sistemas de control y soluciones de monitoreo orientadas a asegurar la continuidad operativa y el funcionamiento confiable del hardware cr\u00edtico.<\/span><\/h4>\n<\/div>\n<\/div><\/div><\/div><\/div><\/div><div id=\"pg-253-2\"  class=\"panel-grid panel-has-style\" ><div class=\"siteorigin-panels-stretch panel-row-style panel-row-style-for-253-2\" data-stretch-type=\"full-width-stretch\" ><div id=\"pgc-253-2-0\"  class=\"panel-grid-cell\" ><div id=\"panel-253-2-0-0\" class=\"so-panel widget widget_sow-image panel-first-child\" data-index=\"2\" ><div\n\t\t\t\n\t\t\tclass=\"so-widget-sow-image so-widget-sow-image-default-8b5b6f678277-253\"\n\t\t\t\n\t\t>\n<div class=\"sow-image-container\">\n\t\t<img \n\tsrc=\"https:\/\/edisecsrl.com.ar\/wp-content\/uploads\/2026\/05\/ils002b.webp\" width=\"1330\" height=\"800\" srcset=\"https:\/\/edisecsrl.com.ar\/wp-content\/uploads\/2026\/05\/ils002b.webp 1330w, https:\/\/edisecsrl.com.ar\/wp-content\/uploads\/2026\/05\/ils002b-300x180.webp 300w, https:\/\/edisecsrl.com.ar\/wp-content\/uploads\/2026\/05\/ils002b-1024x616.webp 1024w, https:\/\/edisecsrl.com.ar\/wp-content\/uploads\/2026\/05\/ils002b-768x462.webp 768w, https:\/\/edisecsrl.com.ar\/wp-content\/uploads\/2026\/05\/ils002b-600x361.webp 600w\" sizes=\"(max-width: 1330px) 100vw, 1330px\" alt=\"\" \t\tclass=\"so-widget-image\"\/>\n\t<\/div>\n\n<\/div><\/div><div id=\"panel-253-2-0-1\" class=\"so-panel widget widget_sow-editor panel-last-child\" data-index=\"3\" ><div\n\t\t\t\n\t\t\tclass=\"so-widget-sow-editor so-widget-sow-editor-base\"\n\t\t\t\n\t\t>\n<div class=\"siteorigin-widget-tinymce textwidget\">\n\t<p data-path-to-node=\"10,0,0\"><b data-path-to-node=\"10,0,0\" data-index-in-node=\"0\">Ingenieria T\u00e9rmica:<\/b><\/p>\n<p data-path-to-node=\"10,0,0\">Desarrollo de ingenier\u00eda b\u00e1sica y de detalle, adaptada a la carga t\u00e9rmica y densidad de calor del equipamiento tecnol\u00f3gico instalado.<\/p>\n<\/div>\n<\/div><\/div><\/div><div id=\"pgc-253-2-1\"  class=\"panel-grid-cell\" ><div id=\"panel-253-2-1-0\" class=\"so-panel widget widget_sow-image panel-first-child\" data-index=\"4\" ><div\n\t\t\t\n\t\t\tclass=\"so-widget-sow-image so-widget-sow-image-default-8b5b6f678277-253\"\n\t\t\t\n\t\t>\n<div class=\"sow-image-container\">\n\t\t<img \n\tsrc=\"https:\/\/edisecsrl.com.ar\/wp-content\/uploads\/2026\/04\/ils006.webp\" width=\"1408\" height=\"768\" srcset=\"https:\/\/edisecsrl.com.ar\/wp-content\/uploads\/2026\/04\/ils006.webp 1408w, https:\/\/edisecsrl.com.ar\/wp-content\/uploads\/2026\/04\/ils006-300x164.webp 300w, https:\/\/edisecsrl.com.ar\/wp-content\/uploads\/2026\/04\/ils006-1024x559.webp 1024w, https:\/\/edisecsrl.com.ar\/wp-content\/uploads\/2026\/04\/ils006-768x419.webp 768w, https:\/\/edisecsrl.com.ar\/wp-content\/uploads\/2026\/04\/ils006-600x327.webp 600w\" sizes=\"(max-width: 1408px) 100vw, 1408px\" alt=\"\" \t\tclass=\"so-widget-image\"\/>\n\t<\/div>\n\n<\/div><\/div><div id=\"panel-253-2-1-1\" class=\"so-panel widget widget_sow-editor panel-last-child\" data-index=\"5\" ><div\n\t\t\t\n\t\t\tclass=\"so-widget-sow-editor so-widget-sow-editor-base\"\n\t\t\t\n\t\t>\n<div class=\"siteorigin-widget-tinymce textwidget\">\n\t<p data-path-to-node=\"10,1,0\"><b data-path-to-node=\"10,1,0\" data-index-in-node=\"0\">Gesti\u00f3n y monitoreo BMS:<\/b><\/p>\n<p data-path-to-node=\"10,1,0\">Implementaci\u00f3n e integraci\u00f3n de sistemas de gesti\u00f3n de edificios para el monitoreo remoto de variables cr\u00edticas y la optimizaci\u00f3n del consumo energ\u00e9tico.<\/p>\n<\/div>\n<\/div><\/div><\/div><div id=\"pgc-253-2-2\"  class=\"panel-grid-cell\" ><div id=\"panel-253-2-2-0\" class=\"so-panel widget widget_sow-image panel-first-child\" data-index=\"6\" ><div\n\t\t\t\n\t\t\tclass=\"so-widget-sow-image so-widget-sow-image-default-8b5b6f678277-253\"\n\t\t\t\n\t\t>\n<div class=\"sow-image-container\">\n\t\t<img \n\tsrc=\"https:\/\/edisecsrl.com.ar\/wp-content\/uploads\/2026\/04\/ils001.webp\" width=\"1408\" height=\"768\" srcset=\"https:\/\/edisecsrl.com.ar\/wp-content\/uploads\/2026\/04\/ils001.webp 1408w, https:\/\/edisecsrl.com.ar\/wp-content\/uploads\/2026\/04\/ils001-300x164.webp 300w, https:\/\/edisecsrl.com.ar\/wp-content\/uploads\/2026\/04\/ils001-1024x559.webp 1024w, https:\/\/edisecsrl.com.ar\/wp-content\/uploads\/2026\/04\/ils001-768x419.webp 768w, https:\/\/edisecsrl.com.ar\/wp-content\/uploads\/2026\/04\/ils001-600x327.webp 600w\" sizes=\"(max-width: 1408px) 100vw, 1408px\" alt=\"\" \t\tclass=\"so-widget-image\"\/>\n\t<\/div>\n\n<\/div><\/div><div id=\"panel-253-2-2-1\" class=\"so-panel widget widget_sow-editor panel-last-child\" data-index=\"7\" ><div\n\t\t\t\n\t\t\tclass=\"so-widget-sow-editor so-widget-sow-editor-base\"\n\t\t\t\n\t\t>\n<div class=\"siteorigin-widget-tinymce textwidget\">\n\t<p data-path-to-node=\"10,2,0\"><b data-path-to-node=\"10,2,0\" data-index-in-node=\"0\">Instalaci\u00f3n Certificada:<\/b><\/p>\n<p data-path-to-node=\"10,2,0\">Ejecuci\u00f3n del montaje mediante t\u00e9cnicos especializados en tecnolog\u00edas Inverter, sistemas de climatizaci\u00f3n de precisi\u00f3n y protocolos de mantenimiento cr\u00edtico.<\/p>\n<\/div>\n<\/div><\/div><\/div><div id=\"pgc-253-2-3\"  class=\"panel-grid-cell\" ><div id=\"panel-253-2-3-0\" class=\"so-panel widget widget_sow-image panel-first-child\" data-index=\"8\" ><div\n\t\t\t\n\t\t\tclass=\"so-widget-sow-image so-widget-sow-image-default-8b5b6f678277-253\"\n\t\t\t\n\t\t>\n<div class=\"sow-image-container\">\n\t\t<img \n\tsrc=\"https:\/\/edisecsrl.com.ar\/wp-content\/uploads\/2026\/04\/ils004.webp\" width=\"1408\" height=\"768\" srcset=\"https:\/\/edisecsrl.com.ar\/wp-content\/uploads\/2026\/04\/ils004.webp 1408w, https:\/\/edisecsrl.com.ar\/wp-content\/uploads\/2026\/04\/ils004-300x164.webp 300w, https:\/\/edisecsrl.com.ar\/wp-content\/uploads\/2026\/04\/ils004-1024x559.webp 1024w, https:\/\/edisecsrl.com.ar\/wp-content\/uploads\/2026\/04\/ils004-768x419.webp 768w, https:\/\/edisecsrl.com.ar\/wp-content\/uploads\/2026\/04\/ils004-600x327.webp 600w\" sizes=\"(max-width: 1408px) 100vw, 1408px\" alt=\"\" \t\tclass=\"so-widget-image\"\/>\n\t<\/div>\n\n<\/div><\/div><div id=\"panel-253-2-3-1\" class=\"so-panel widget widget_sow-editor panel-last-child\" data-index=\"9\" ><div\n\t\t\t\n\t\t\tclass=\"so-widget-sow-editor so-widget-sow-editor-base\"\n\t\t\t\n\t\t>\n<div class=\"siteorigin-widget-tinymce textwidget\">\n\t<p data-path-to-node=\"10,3,0\"><b data-path-to-node=\"10,3,0\" data-index-in-node=\"0\">Calidad y Puesta en Marcha:<\/b><\/p>\n<p data-path-to-node=\"10,3,0\">Aplicaci\u00f3n de buenas pr\u00e1cticas y normativas para la manipulaci\u00f3n de gases refrigerantes, tratamiento de sistemas y control de instalaci\u00f3n, asegurando confiabilidad desde la puesta en marcha.<\/p>\n<\/div>\n<\/div><\/div><\/div><\/div><\/div><div id=\"pg-253-3\"  class=\"panel-grid panel-has-style\" ><div class=\"siteorigin-panels-stretch panel-row-style panel-row-style-for-253-3\" id=\"services\" data-stretch-type=\"full\" ><div id=\"pgc-253-3-0\"  class=\"panel-grid-cell\" ><div id=\"panel-253-3-0-0\" class=\"so-panel widget widget_sow-headline panel-first-child\" data-index=\"10\" ><div\n\t\t\t\n\t\t\tclass=\"so-widget-sow-headline so-widget-sow-headline-default-d993567b3846-253 so-widget-fittext-wrapper\"\n\t\t\t data-fit-text-compressor=\"0.85\"\n\t\t><div class=\"sow-headline-container \">\n\t\t\t\t\t\t\t<h1 class=\"sow-headline\">\n\t\t\t\t\t\t\u00bfNECESITAS UN PRESUPUESTO?\t\t\t\t\t\t<\/h1>\n\t\t\t\t\t\t\t\t\t\t\t<div class=\"decoration\">\n\t\t\t\t\t\t<div class=\"decoration-inside\"><\/div>\n\t\t\t\t\t<\/div>\n\t\t\t\t\t\t\t\t\t\t\t<p class=\"sow-sub-headline\">\n\t\t\t\t\t\tContamos con el respaldo t\u00e9cnico de las marcas l\u00edderes y personal propio capacitado. D\u00e9jenos sus datos para brindarle una soluci\u00f3n a la medida de sus necesidades de climatizaci\u00f3n.\t\t\t\t\t\t<\/p>\n\t\t\t\t\t\t<\/div>\n<\/div><\/div><div id=\"panel-253-3-0-1\" class=\"so-panel widget widget_sow-contact-form panel-last-child\" data-index=\"11\" ><div\n\t\t\t\n\t\t\tclass=\"so-widget-sow-contact-form so-widget-sow-contact-form-default-13dde353e91b-253\"\n\t\t\t\n\t\t>\t<form\n\t\taction=\"\/index.php?rest_route=%2Fwp%2Fv2%2Fpages%2F253\"\n\t\tmethod=\"POST\"\n\t\tclass=\"sow-contact-form\"\n\t\tid=\"contact-form-7363\"\n\t>\n\n\t\t\n\t\t\t\t\t<div class=\"sow-form-field sow-form-field-name\">\n\t\t\t\t<label class=\"sow-form-field-label-above\" for=\"sow-contact-form-field-tu-nombre-1\">\n\t\t\t\t<strong>\n\t\t\t\t\tTu nombre\t\t\t\t\t\t\t\t\t<\/strong>\n\t\t\t<\/label>\n\t\t\t\t\t\t\t<div class=\"sow-field-container\">\n\t\t\t\t\t\t\t<input\n\t\t\ttype=\"text\"\n\t\t\tname=\"tu-nombre-1\"\n\t\t\tid=\"sow-contact-form-field-tu-nombre-1\"\n\t\t\tvalue=\"\"\n\t\t\tclass=\"sow-text-field\"\n\t\t\t\t\t\t\t\t\/>\n\t\t\t\t\t\t<\/div>\n\t\t\t\t\t\t\t<\/div>\n\t\t\t\t\t\t<div class=\"sow-form-field sow-form-field-email\">\n\t\t\t\t<label class=\"sow-form-field-label-above\" for=\"sow-contact-form-field-tu-correo-electronico-1\">\n\t\t\t\t<strong>\n\t\t\t\t\tTu correo electr\u00f3nico\t\t\t\t\t\t\t\t\t<\/strong>\n\t\t\t<\/label>\n\t\t\t\t\t\t\t<div class=\"sow-field-container\">\n\t\t\t\t\t\t\t<input\n\t\t\ttype=\"email\"\n\t\t\tname=\"tu-correo-electronico-1\"\n\t\t\tid=\"sow-contact-form-field-tu-correo-electronico-1\"\n\t\t\tvalue=\"\"\n\t\t\tclass=\"sow-text-field\"\t\t\t\t\t\t\t\t\/>\n\t\t\t\t\t\t<\/div>\n\t\t\t\t\t\t\t<\/div>\n\t\t\t\t\t\t<div class=\"sow-form-field sow-form-field-subject\">\n\t\t\t\t<label class=\"sow-form-field-label-above\" for=\"sow-contact-form-field-asunto-1\">\n\t\t\t\t<strong>\n\t\t\t\t\tAsunto\t\t\t\t\t\t\t\t\t<\/strong>\n\t\t\t<\/label>\n\t\t\t\t\t\t\t<div class=\"sow-field-container\">\n\t\t\t\t\t\t\t<input\n\t\t\ttype=\"text\"\n\t\t\tname=\"asunto-1\"\n\t\t\tid=\"sow-contact-form-field-asunto-1\"\n\t\t\tvalue=\"\"\n\t\t\tclass=\"sow-text-field\"\n\t\t\t\t\t\t\t\t\/>\n\t\t\t\t\t\t<\/div>\n\t\t\t\t\t\t\t<\/div>\n\t\t\t\t\t\t<div class=\"sow-form-field sow-form-field-textarea\">\n\t\t\t\t<label class=\"sow-form-field-label-above\" for=\"sow-contact-form-field-mensaje-1\">\n\t\t\t\t<strong>\n\t\t\t\t\tMensaje\t\t\t\t\t\t\t\t\t<\/strong>\n\t\t\t<\/label>\n\t\t\t\t\t\t\t<div class=\"sow-field-container\">\n\t\t\t\t\t\t\t<textarea\n\t\t\tname=\"mensaje-1\"\n\t\t\tid=\"sow-contact-form-field-mensaje-1\"\n\t\t\trows=\"10\"\n\t\t\t\t\t\t\t\t><\/textarea>\n\t\t\t\t\t\t<\/div>\n\t\t\t\t\t\t\t<\/div>\n\t\t\t\t\t\t<input\n\t\t\t\ttype=\"text\"\n\t\t\t\tname=\"sow-name\"\n\t\t\t\tclass=\"sow-text-field\"\n\t\t\t\tstyle=\"display: none !important; visibility: hidden !important;\"\n\t\t\t\tautocomplete=\"off\"\n\t\t\t\taria-hidden=\"true\"\n\t\t\t>\n\t\t\n\t\t\n\t\t<div class=\"sow-submit-wrapper \n\t\tsow-submit-styled\t\t\">\n\n\t\t\t<button\n\t\t\t\ttype=\"submit\"\n\t\t\t\tclass=\"sow-submit\n\t\t\t\t\t\t\t\t\"\n\t\t\t\tdata-js-key=\"c4ca4238a0b923820dcc509a6f75849b\" \t\t\t>\n\t\t\t\tContacta con nosotros\t\t\t<\/button>\n\t\t<\/div>\n\t\t\t\t<input\n\t\t\ttype=\"hidden\"\n\t\t\tname=\"instance_hash-1\"\n\t\t\tvalue=\"73630d3b\"\n\t\t\/>\n\n\t\t<input type=\"hidden\" id=\"_wpnonce\" name=\"_wpnonce\" value=\"7b797ba916\" \/><input type=\"hidden\" name=\"_wp_http_referer\" value=\"\/index.php?rest_route=%2Fwp%2Fv2%2Fpages%2F253\" \/>\t<\/form>\n\t<\/div><\/div><\/div><\/div><\/div><\/div>","protected":false},"excerpt":{"rendered":"<p>Ejecutamos proyectos de climatizaci\u00f3n de precisi\u00f3n para data centers y salas de control, donde la estabilidad de temperatura y humedad constituye un requisito operativo cr\u00edtico. Integramos equipos de alta eficiencia, sistemas de control y soluciones de monitoreo orientadas a asegurar la continuidad operativa y el funcionamiento confiable del hardware cr\u00edtico.<\/p>\n","protected":false},"author":1,"featured_media":0,"parent":0,"menu_order":0,"comment_status":"closed","ping_status":"closed","template":"","meta":{"footnotes":""},"class_list":["post-253","page","type-page","status-publish","hentry","post"],"_links":{"self":[{"href":"https:\/\/edisecsrl.com.ar\/index.php?rest_route=\/wp\/v2\/pages\/253","targetHints":{"allow":["GET"]}}],"collection":[{"href":"https:\/\/edisecsrl.com.ar\/index.php?rest_route=\/wp\/v2\/pages"}],"about":[{"href":"https:\/\/edisecsrl.com.ar\/index.php?rest_route=\/wp\/v2\/types\/page"}],"author":[{"embeddable":true,"href":"https:\/\/edisecsrl.com.ar\/index.php?rest_route=\/wp\/v2\/users\/1"}],"replies":[{"embeddable":true,"href":"https:\/\/edisecsrl.com.ar\/index.php?rest_route=%2Fwp%2Fv2%2Fcomments&post=253"}],"version-history":[{"count":32,"href":"https:\/\/edisecsrl.com.ar\/index.php?rest_route=\/wp\/v2\/pages\/253\/revisions"}],"predecessor-version":[{"id":389,"href":"https:\/\/edisecsrl.com.ar\/index.php?rest_route=\/wp\/v2\/pages\/253\/revisions\/389"}],"wp:attachment":[{"href":"https:\/\/edisecsrl.com.ar\/index.php?rest_route=%2Fwp%2Fv2%2Fmedia&parent=253"}],"curies":[{"name":"wp","href":"https:\/\/api.w.org\/{rel}","templated":true}]}}