{"id":239,"date":"2026-04-27T15:02:32","date_gmt":"2026-04-27T18:02:32","guid":{"rendered":"https:\/\/edisecsrl.estudio3.ar\/sitioweb\/?page_id=239"},"modified":"2026-05-13T15:34:44","modified_gmt":"2026-05-13T18:34:44","slug":"climatizacion-industrial","status":"publish","type":"page","link":"https:\/\/edisecsrl.com.ar\/?page_id=239","title":{"rendered":"CLIMATIZACI\u00d3N INDUSTRIAL EN OBRA"},"content":{"rendered":"<div id=\"pl-239\"  class=\"panel-layout\" ><div id=\"pg-239-0\"  class=\"panel-grid panel-has-style\" ><div class=\"siteorigin-panels-stretch panel-row-style panel-row-style-for-239-0\" data-stretch-type=\"full-width-stretch\" ><div id=\"pgc-239-0-0\"  class=\"panel-grid-cell\" ><div id=\"panel-239-0-0-0\" class=\"so-panel widget widget_sow-editor panel-first-child panel-last-child\" data-index=\"0\" ><div\n\t\t\t\n\t\t\tclass=\"so-widget-sow-editor so-widget-sow-editor-base\"\n\t\t\t\n\t\t>\n<div class=\"siteorigin-widget-tinymce textwidget\">\n\t\n<\/div>\n<\/div><\/div><\/div><\/div><\/div><div id=\"pg-239-1\"  class=\"panel-grid panel-has-style\" ><div class=\"siteorigin-panels-stretch panel-row-style panel-row-style-for-239-1\" data-stretch-type=\"full\" ><div id=\"pgc-239-1-0\"  class=\"panel-grid-cell\" ><div id=\"panel-239-1-0-0\" class=\"so-panel widget widget_sow-editor panel-first-child panel-last-child\" data-index=\"1\" ><div\n\t\t\t\n\t\t\tclass=\"so-widget-sow-editor so-widget-sow-editor-base\"\n\t\t\t\n\t\t>\n<div class=\"siteorigin-widget-tinymce textwidget\">\n\t<h4><span style=\"color: #ffffff;\">Con 30 a\u00f1os en el sector, nuestra divisi\u00f3n de obras gestiona proyectos integrales para plantas industriales, edificios corporativos y superficies comerciales. Contamos con estructura propia para la direcci\u00f3n, provisi\u00f3n y montaje de sistemas centrales, asegurando el cumplimiento de los plazos de obra y los est\u00e1ndares de ingenier\u00eda requeridos.<\/span><\/h4>\n<\/div>\n<\/div><\/div><\/div><\/div><\/div><div id=\"pg-239-2\"  class=\"panel-grid panel-has-style\" ><div class=\"siteorigin-panels-stretch panel-row-style panel-row-style-for-239-2\" data-stretch-type=\"full-width-stretch\" ><div id=\"pgc-239-2-0\"  class=\"panel-grid-cell\" ><div id=\"panel-239-2-0-0\" class=\"so-panel widget widget_sow-image panel-first-child\" data-index=\"2\" ><div\n\t\t\t\n\t\t\tclass=\"so-widget-sow-image so-widget-sow-image-default-8b5b6f678277-239\"\n\t\t\t\n\t\t>\n<div class=\"sow-image-container\">\n\t\t<img \n\tsrc=\"https:\/\/edisecsrl.com.ar\/wp-content\/uploads\/2026\/05\/ils009b.webp\" width=\"1408\" height=\"768\" srcset=\"https:\/\/edisecsrl.com.ar\/wp-content\/uploads\/2026\/05\/ils009b.webp 1408w, https:\/\/edisecsrl.com.ar\/wp-content\/uploads\/2026\/05\/ils009b-300x164.webp 300w, https:\/\/edisecsrl.com.ar\/wp-content\/uploads\/2026\/05\/ils009b-1024x559.webp 1024w, https:\/\/edisecsrl.com.ar\/wp-content\/uploads\/2026\/05\/ils009b-768x419.webp 768w, https:\/\/edisecsrl.com.ar\/wp-content\/uploads\/2026\/05\/ils009b-600x327.webp 600w\" sizes=\"(max-width: 1408px) 100vw, 1408px\" alt=\"\" \t\tclass=\"so-widget-image\"\/>\n\t<\/div>\n\n<\/div><\/div><div id=\"panel-239-2-0-1\" class=\"so-panel widget widget_sow-editor panel-last-child\" data-index=\"3\" ><div\n\t\t\t\n\t\t\tclass=\"so-widget-sow-editor so-widget-sow-editor-base\"\n\t\t\t\n\t\t>\n<div class=\"siteorigin-widget-tinymce textwidget\">\n\t<p data-path-to-node=\"18,0,0\"><b data-path-to-node=\"18,0,0\" data-index-in-node=\"0\">Montaje y Canalizaci\u00f3n:<\/b><\/p>\n<p data-path-to-node=\"18,0,0\"><span style=\"font-weight: 400;\">Ejecuci\u00f3n t\u00e9cnica de ca\u00f1er\u00edas, soldaduras, canalizaciones y sistemas de conductos, realizada por personal propio capacitado.<\/span><\/p>\n<\/div>\n<\/div><\/div><\/div><div id=\"pgc-239-2-1\"  class=\"panel-grid-cell\" ><div id=\"panel-239-2-1-0\" class=\"so-panel widget widget_sow-image panel-first-child\" data-index=\"4\" ><div\n\t\t\t\n\t\t\tclass=\"so-widget-sow-image so-widget-sow-image-default-8b5b6f678277-239\"\n\t\t\t\n\t\t>\n<div class=\"sow-image-container\">\n\t\t<img \n\tsrc=\"https:\/\/edisecsrl.com.ar\/wp-content\/uploads\/2026\/04\/ils010.webp\" width=\"1408\" height=\"768\" srcset=\"https:\/\/edisecsrl.com.ar\/wp-content\/uploads\/2026\/04\/ils010.webp 1408w, https:\/\/edisecsrl.com.ar\/wp-content\/uploads\/2026\/04\/ils010-300x164.webp 300w, https:\/\/edisecsrl.com.ar\/wp-content\/uploads\/2026\/04\/ils010-1024x559.webp 1024w, https:\/\/edisecsrl.com.ar\/wp-content\/uploads\/2026\/04\/ils010-768x419.webp 768w, https:\/\/edisecsrl.com.ar\/wp-content\/uploads\/2026\/04\/ils010-600x327.webp 600w\" sizes=\"(max-width: 1408px) 100vw, 1408px\" title=\"Montaje y Canalizaci\u00f3n\" alt=\"\" \t\tclass=\"so-widget-image\"\/>\n\t<\/div>\n\n<\/div><\/div><div id=\"panel-239-2-1-1\" class=\"so-panel widget widget_sow-editor panel-last-child\" data-index=\"5\" ><div\n\t\t\t\n\t\t\tclass=\"so-widget-sow-editor so-widget-sow-editor-base\"\n\t\t\t\n\t\t>\n<div class=\"siteorigin-widget-tinymce textwidget\">\n\t<p data-path-to-node=\"18,1,0\"><b data-path-to-node=\"18,1,0\" data-index-in-node=\"0\">Equipamiento y Sistemas:<\/b><\/p>\n<p data-path-to-node=\"18,1,0\"><span style=\"font-weight: 400;\">Instalaci\u00f3n de unidades centrales y equipos de expansi\u00f3n directa, con capacidad operativa para ejecutar proyectos de distinta escala y complejidad. <\/span><\/p>\n<\/div>\n<\/div><\/div><\/div><div id=\"pgc-239-2-2\"  class=\"panel-grid-cell\" ><div id=\"panel-239-2-2-0\" class=\"so-panel widget widget_sow-image panel-first-child\" data-index=\"6\" ><div\n\t\t\t\n\t\t\tclass=\"so-widget-sow-image so-widget-sow-image-default-8b5b6f678277-239\"\n\t\t\t\n\t\t>\n<div class=\"sow-image-container\">\n\t\t<img \n\tsrc=\"https:\/\/edisecsrl.com.ar\/wp-content\/uploads\/2026\/04\/ils008.webp\" width=\"1408\" height=\"768\" srcset=\"https:\/\/edisecsrl.com.ar\/wp-content\/uploads\/2026\/04\/ils008.webp 1408w, https:\/\/edisecsrl.com.ar\/wp-content\/uploads\/2026\/04\/ils008-300x164.webp 300w, https:\/\/edisecsrl.com.ar\/wp-content\/uploads\/2026\/04\/ils008-1024x559.webp 1024w, https:\/\/edisecsrl.com.ar\/wp-content\/uploads\/2026\/04\/ils008-768x419.webp 768w, https:\/\/edisecsrl.com.ar\/wp-content\/uploads\/2026\/04\/ils008-600x327.webp 600w\" sizes=\"(max-width: 1408px) 100vw, 1408px\" title=\"Mantenimiento Operativo\" alt=\"\" \t\tclass=\"so-widget-image\"\/>\n\t<\/div>\n\n<\/div><\/div><div id=\"panel-239-2-2-1\" class=\"so-panel widget widget_sow-editor panel-last-child\" data-index=\"7\" ><div\n\t\t\t\n\t\t\tclass=\"so-widget-sow-editor so-widget-sow-editor-base\"\n\t\t\t\n\t\t>\n<div class=\"siteorigin-widget-tinymce textwidget\">\n\t<p data-path-to-node=\"18,3,0\"><b data-path-to-node=\"18,3,0\" data-index-in-node=\"0\">Mantenimiento Operativo:<\/b><\/p>\n<p data-path-to-node=\"18,3,0\">Implementaci\u00f3n de esquemas de mantenimiento preventivo y correctivo, con posibilidad de asignaci\u00f3n de personal permanente en planta seg\u00fan el volumen y criticidad de la instalaci\u00f3n.<\/p>\n<\/div>\n<\/div><\/div><\/div><div id=\"pgc-239-2-3\"  class=\"panel-grid-cell\" ><div id=\"panel-239-2-3-0\" class=\"so-panel widget widget_sow-image panel-first-child\" data-index=\"8\" ><div\n\t\t\t\n\t\t\tclass=\"so-widget-sow-image so-widget-sow-image-default-8b5b6f678277-239\"\n\t\t\t\n\t\t>\n<div class=\"sow-image-container\">\n\t\t<img \n\tsrc=\"https:\/\/edisecsrl.com.ar\/wp-content\/uploads\/2026\/05\/ils007b.webp\" width=\"1407\" height=\"768\" srcset=\"https:\/\/edisecsrl.com.ar\/wp-content\/uploads\/2026\/05\/ils007b.webp 1407w, https:\/\/edisecsrl.com.ar\/wp-content\/uploads\/2026\/05\/ils007b-300x164.webp 300w, https:\/\/edisecsrl.com.ar\/wp-content\/uploads\/2026\/05\/ils007b-1024x559.webp 1024w, https:\/\/edisecsrl.com.ar\/wp-content\/uploads\/2026\/05\/ils007b-768x419.webp 768w, https:\/\/edisecsrl.com.ar\/wp-content\/uploads\/2026\/05\/ils007b-600x328.webp 600w\" sizes=\"(max-width: 1407px) 100vw, 1407px\" alt=\"\" \t\tclass=\"so-widget-image\"\/>\n\t<\/div>\n\n<\/div><\/div><div id=\"panel-239-2-3-1\" class=\"so-panel widget widget_sow-editor panel-last-child\" data-index=\"9\" ><div\n\t\t\t\n\t\t\tclass=\"so-widget-sow-editor so-widget-sow-editor-base\"\n\t\t\t\n\t\t>\n<div class=\"siteorigin-widget-tinymce textwidget\">\n\t<p data-path-to-node=\"18,4,0\"><b data-path-to-node=\"18,4,0\" data-index-in-node=\"0\">Respaldo T\u00e9cnico:<\/b><\/p>\n<p data-path-to-node=\"18,4,0\"><span style=\"font-weight: 400;\">Actualizaci\u00f3n t\u00e9cnica constante bajo lineamientos de fabricantes como Carrier, Toshiba, Daikin, LG, Samsung, Trane y Trox, incluyendo certificaciones espec\u00edficas para la l\u00ednea Climaveneta Mitsubishi Electronics.<\/span><\/p>\n<\/div>\n<\/div><\/div><\/div><\/div><\/div><div id=\"pg-239-3\"  class=\"panel-grid panel-has-style\" ><div class=\"siteorigin-panels-stretch panel-row-style panel-row-style-for-239-3\" id=\"services\" data-stretch-type=\"full\" ><div id=\"pgc-239-3-0\"  class=\"panel-grid-cell\" ><div id=\"panel-239-3-0-0\" class=\"so-panel widget widget_sow-headline panel-first-child\" data-index=\"10\" ><div\n\t\t\t\n\t\t\tclass=\"so-widget-sow-headline so-widget-sow-headline-default-d993567b3846-239 so-widget-fittext-wrapper\"\n\t\t\t data-fit-text-compressor=\"0.85\"\n\t\t><div class=\"sow-headline-container \">\n\t\t\t\t\t\t\t<h1 class=\"sow-headline\">\n\t\t\t\t\t\t\u00bfNECESITAS UN PRESUPUESTO?\t\t\t\t\t\t<\/h1>\n\t\t\t\t\t\t\t\t\t\t\t<div class=\"decoration\">\n\t\t\t\t\t\t<div class=\"decoration-inside\"><\/div>\n\t\t\t\t\t<\/div>\n\t\t\t\t\t\t\t\t\t\t\t<p class=\"sow-sub-headline\">\n\t\t\t\t\t\tContamos con el respaldo t\u00e9cnico de las marcas l\u00edderes y personal propio capacitado. D\u00e9jenos sus datos para brindarle una soluci\u00f3n a la medida de sus necesidades de climatizaci\u00f3n.\t\t\t\t\t\t<\/p>\n\t\t\t\t\t\t<\/div>\n<\/div><\/div><div id=\"panel-239-3-0-1\" class=\"so-panel widget widget_sow-contact-form panel-last-child\" data-index=\"11\" ><div\n\t\t\t\n\t\t\tclass=\"so-widget-sow-contact-form so-widget-sow-contact-form-default-13dde353e91b-239\"\n\t\t\t\n\t\t>\t<form\n\t\taction=\"\/index.php?rest_route=%2Fwp%2Fv2%2Fpages%2F239\"\n\t\tmethod=\"POST\"\n\t\tclass=\"sow-contact-form\"\n\t\tid=\"contact-form-d3b6\"\n\t>\n\n\t\t\n\t\t\t\t\t<div class=\"sow-form-field sow-form-field-name\">\n\t\t\t\t<label class=\"sow-form-field-label-above\" for=\"sow-contact-form-field-tu-nombre-1\">\n\t\t\t\t<strong>\n\t\t\t\t\tTu nombre\t\t\t\t\t\t\t\t\t<\/strong>\n\t\t\t<\/label>\n\t\t\t\t\t\t\t<div class=\"sow-field-container\">\n\t\t\t\t\t\t\t<input\n\t\t\ttype=\"text\"\n\t\t\tname=\"tu-nombre-1\"\n\t\t\tid=\"sow-contact-form-field-tu-nombre-1\"\n\t\t\tvalue=\"\"\n\t\t\tclass=\"sow-text-field\"\n\t\t\t\t\t\t\t\t\/>\n\t\t\t\t\t\t<\/div>\n\t\t\t\t\t\t\t<\/div>\n\t\t\t\t\t\t<div class=\"sow-form-field sow-form-field-email\">\n\t\t\t\t<label class=\"sow-form-field-label-above\" for=\"sow-contact-form-field-tu-correo-electronico-1\">\n\t\t\t\t<strong>\n\t\t\t\t\tTu correo electr\u00f3nico\t\t\t\t\t\t\t\t\t<\/strong>\n\t\t\t<\/label>\n\t\t\t\t\t\t\t<div class=\"sow-field-container\">\n\t\t\t\t\t\t\t<input\n\t\t\ttype=\"email\"\n\t\t\tname=\"tu-correo-electronico-1\"\n\t\t\tid=\"sow-contact-form-field-tu-correo-electronico-1\"\n\t\t\tvalue=\"\"\n\t\t\tclass=\"sow-text-field\"\t\t\t\t\t\t\t\t\/>\n\t\t\t\t\t\t<\/div>\n\t\t\t\t\t\t\t<\/div>\n\t\t\t\t\t\t<div class=\"sow-form-field sow-form-field-subject\">\n\t\t\t\t<label class=\"sow-form-field-label-above\" for=\"sow-contact-form-field-asunto-1\">\n\t\t\t\t<strong>\n\t\t\t\t\tAsunto\t\t\t\t\t\t\t\t\t<\/strong>\n\t\t\t<\/label>\n\t\t\t\t\t\t\t<div class=\"sow-field-container\">\n\t\t\t\t\t\t\t<input\n\t\t\ttype=\"text\"\n\t\t\tname=\"asunto-1\"\n\t\t\tid=\"sow-contact-form-field-asunto-1\"\n\t\t\tvalue=\"\"\n\t\t\tclass=\"sow-text-field\"\n\t\t\t\t\t\t\t\t\/>\n\t\t\t\t\t\t<\/div>\n\t\t\t\t\t\t\t<\/div>\n\t\t\t\t\t\t<div class=\"sow-form-field sow-form-field-textarea\">\n\t\t\t\t<label class=\"sow-form-field-label-above\" for=\"sow-contact-form-field-mensaje-1\">\n\t\t\t\t<strong>\n\t\t\t\t\tMensaje\t\t\t\t\t\t\t\t\t<\/strong>\n\t\t\t<\/label>\n\t\t\t\t\t\t\t<div class=\"sow-field-container\">\n\t\t\t\t\t\t\t<textarea\n\t\t\tname=\"mensaje-1\"\n\t\t\tid=\"sow-contact-form-field-mensaje-1\"\n\t\t\trows=\"10\"\n\t\t\t\t\t\t\t\t><\/textarea>\n\t\t\t\t\t\t<\/div>\n\t\t\t\t\t\t\t<\/div>\n\t\t\t\t\t\t<input\n\t\t\t\ttype=\"text\"\n\t\t\t\tname=\"sow-name\"\n\t\t\t\tclass=\"sow-text-field\"\n\t\t\t\tstyle=\"display: none !important; visibility: hidden !important;\"\n\t\t\t\tautocomplete=\"off\"\n\t\t\t\taria-hidden=\"true\"\n\t\t\t>\n\t\t\n\t\t\n\t\t<div class=\"sow-submit-wrapper \n\t\tsow-submit-styled\t\t\">\n\n\t\t\t<button\n\t\t\t\ttype=\"submit\"\n\t\t\t\tclass=\"sow-submit\n\t\t\t\t\t\t\t\t\"\n\t\t\t\tdata-js-key=\"c4ca4238a0b923820dcc509a6f75849b\" \t\t\t>\n\t\t\t\tContacta con nosotros\t\t\t<\/button>\n\t\t<\/div>\n\t\t\t\t<input\n\t\t\ttype=\"hidden\"\n\t\t\tname=\"instance_hash-1\"\n\t\t\tvalue=\"d3b628cf\"\n\t\t\/>\n\n\t\t<input type=\"hidden\" id=\"_wpnonce\" name=\"_wpnonce\" value=\"7b797ba916\" \/><input type=\"hidden\" name=\"_wp_http_referer\" value=\"\/index.php?rest_route=%2Fwp%2Fv2%2Fpages%2F239\" \/>\t<\/form>\n\t<\/div><\/div><\/div><\/div><\/div><\/div>","protected":false},"excerpt":{"rendered":"<p>Con 30 a\u00f1os en el sector, nuestra divisi\u00f3n de obras gestiona proyectos integrales para plantas industriales, edificios corporativos y superficies comerciales. Contamos con estructura propia para la direcci\u00f3n, provisi\u00f3n y montaje de sistemas centrales, asegurando el cumplimiento de los plazos de obra y los est\u00e1ndares de ingenier\u00eda requeridos.<\/p>\n","protected":false},"author":1,"featured_media":0,"parent":0,"menu_order":0,"comment_status":"closed","ping_status":"closed","template":"","meta":{"footnotes":""},"class_list":["post-239","page","type-page","status-publish","hentry","post"],"_links":{"self":[{"href":"https:\/\/edisecsrl.com.ar\/index.php?rest_route=\/wp\/v2\/pages\/239","targetHints":{"allow":["GET"]}}],"collection":[{"href":"https:\/\/edisecsrl.com.ar\/index.php?rest_route=\/wp\/v2\/pages"}],"about":[{"href":"https:\/\/edisecsrl.com.ar\/index.php?rest_route=\/wp\/v2\/types\/page"}],"author":[{"embeddable":true,"href":"https:\/\/edisecsrl.com.ar\/index.php?rest_route=\/wp\/v2\/users\/1"}],"replies":[{"embeddable":true,"href":"https:\/\/edisecsrl.com.ar\/index.php?rest_route=%2Fwp%2Fv2%2Fcomments&post=239"}],"version-history":[{"count":29,"href":"https:\/\/edisecsrl.com.ar\/index.php?rest_route=\/wp\/v2\/pages\/239\/revisions"}],"predecessor-version":[{"id":391,"href":"https:\/\/edisecsrl.com.ar\/index.php?rest_route=\/wp\/v2\/pages\/239\/revisions\/391"}],"wp:attachment":[{"href":"https:\/\/edisecsrl.com.ar\/index.php?rest_route=%2Fwp%2Fv2%2Fmedia&parent=239"}],"curies":[{"name":"wp","href":"https:\/\/api.w.org\/{rel}","templated":true}]}}